{"id":51,"date":"2024-10-02T01:54:26","date_gmt":"2024-10-02T01:54:26","guid":{"rendered":"https:\/\/buunguyenwriter.com\/blog\/about\/"},"modified":"2024-10-10T03:25:00","modified_gmt":"2024-10-10T03:25:00","slug":"about","status":"publish","type":"page","link":"https:\/\/buunguyenwriter.com\/blog\/about\/","title":{"rendered":"Gi\u1edbi thi\u1ec7u"},"content":{"rendered":"<p>Ch\u00e0o m\u1eebng c\u00e1c b\u1ea1n \u0111\u00e3 gh\u00e9 th\u0103m trang blog c\u00e1 nh\u00e2n c\u1ee7a B\u1eedu Nguy\u1ec5n.\u00a0<\/p>\n<p>Ch\u00fac qu\u00fd v\u1ecb lu\u00f4n an l\u1ea1c v\u00e0 h\u1ea1nh ph\u00fac!\u00a0<\/p>\n","protected":false},"excerpt":{"rendered":"<p>Ch\u00e0o m\u1eebng c\u00e1c b\u1ea1n \u0111\u00e3 gh\u00e9 th\u0103m trang blog c\u00e1 nh\u00e2n c\u1ee7a B\u1eedu Nguy\u1ec5n.\u00a0 Ch\u00fac qu\u00fd v\u1ecb lu\u00f4n an l\u1ea1c v\u00e0 h\u1ea1nh ph\u00fac!\u00a0<\/p>\n","protected":false},"author":1,"featured_media":0,"parent":0,"menu_order":0,"comment_status":"closed","ping_status":"closed","template":"","meta":{"pagelayer_contact_templates":[],"_pagelayer_content":"","footnotes":""},"class_list":["post-51","page","type-page","status-publish","hentry"],"_links":{"self":[{"href":"https:\/\/buunguyenwriter.com\/blog\/wp-json\/wp\/v2\/pages\/51","targetHints":{"allow":["GET"]}}],"collection":[{"href":"https:\/\/buunguyenwriter.com\/blog\/wp-json\/wp\/v2\/pages"}],"about":[{"href":"https:\/\/buunguyenwriter.com\/blog\/wp-json\/wp\/v2\/types\/page"}],"author":[{"embeddable":true,"href":"https:\/\/buunguyenwriter.com\/blog\/wp-json\/wp\/v2\/users\/1"}],"replies":[{"embeddable":true,"href":"https:\/\/buunguyenwriter.com\/blog\/wp-json\/wp\/v2\/comments?post=51"}],"version-history":[{"count":3,"href":"https:\/\/buunguyenwriter.com\/blog\/wp-json\/wp\/v2\/pages\/51\/revisions"}],"predecessor-version":[{"id":170,"href":"https:\/\/buunguyenwriter.com\/blog\/wp-json\/wp\/v2\/pages\/51\/revisions\/170"}],"wp:attachment":[{"href":"https:\/\/buunguyenwriter.com\/blog\/wp-json\/wp\/v2\/media?parent=51"}],"curies":[{"name":"wp","href":"https:\/\/api.w.org\/{rel}","templated":true}]}}