{"id":50,"date":"2024-10-02T01:54:26","date_gmt":"2024-10-02T01:54:26","guid":{"rendered":"https:\/\/buunguyenwriter.com\/blog\/contact\/"},"modified":"2024-10-10T03:25:51","modified_gmt":"2024-10-10T03:25:51","slug":"contact","status":"publish","type":"page","link":"https:\/\/buunguyenwriter.com\/blog\/contact\/","title":{"rendered":"Li\u00ean l\u1ea1c"},"content":{"rendered":"<p>M\u1ecdi li\u00ean l\u1ea1c xin g\u1eedi email v\u1ec1 buunguyenwriter@gmail.com!\u00a0<\/p>\n<p>Ch\u00e2n th\u00e0nh c\u00e1m \u01a1n!<\/p>\n","protected":false},"excerpt":{"rendered":"<p>M\u1ecdi li\u00ean l\u1ea1c xin g\u1eedi email v\u1ec1 buunguyenwriter@gmail.com!\u00a0 Ch\u00e2n th\u00e0nh c\u00e1m \u01a1n!<\/p>\n","protected":false},"author":1,"featured_media":0,"parent":0,"menu_order":0,"comment_status":"closed","ping_status":"closed","template":"","meta":{"pagelayer_contact_templates":null,"_pagelayer_content":"","footnotes":""},"class_list":["post-50","page","type-page","status-publish","hentry"],"_links":{"self":[{"href":"https:\/\/buunguyenwriter.com\/blog\/wp-json\/wp\/v2\/pages\/50","targetHints":{"allow":["GET"]}}],"collection":[{"href":"https:\/\/buunguyenwriter.com\/blog\/wp-json\/wp\/v2\/pages"}],"about":[{"href":"https:\/\/buunguyenwriter.com\/blog\/wp-json\/wp\/v2\/types\/page"}],"author":[{"embeddable":true,"href":"https:\/\/buunguyenwriter.com\/blog\/wp-json\/wp\/v2\/users\/1"}],"replies":[{"embeddable":true,"href":"https:\/\/buunguyenwriter.com\/blog\/wp-json\/wp\/v2\/comments?post=50"}],"version-history":[{"count":2,"href":"https:\/\/buunguyenwriter.com\/blog\/wp-json\/wp\/v2\/pages\/50\/revisions"}],"predecessor-version":[{"id":171,"href":"https:\/\/buunguyenwriter.com\/blog\/wp-json\/wp\/v2\/pages\/50\/revisions\/171"}],"wp:attachment":[{"href":"https:\/\/buunguyenwriter.com\/blog\/wp-json\/wp\/v2\/media?parent=50"}],"curies":[{"name":"wp","href":"https:\/\/api.w.org\/{rel}","templated":true}]}}