{"id":49,"date":"2024-10-02T01:54:26","date_gmt":"2024-10-02T01:54:26","guid":{"rendered":"https:\/\/buunguyenwriter.com\/blog\/home\/"},"modified":"2024-10-26T04:47:47","modified_gmt":"2024-10-26T04:47:47","slug":"home","status":"publish","type":"page","link":"https:\/\/buunguyenwriter.com\/blog\/","title":{"rendered":"Blog"},"content":{"rendered":"\r\n\r\n\r\n{&#8220;title&#8221;:&#8221;B\u00c0I VI\u1ebeT M\u1edaI&#8221;,&#8221;number&#8221;:&#8221;5&#8243;}\r\n\r\n<h3>TUY\u1ebeN B\u00c0I<\/h3>\r\n\r\n\r\n\r\n\r\n\r\n<p>N\u01a1i \u0111\u0103ng c\u00e1c truy\u1ec7n d\u1ecbch t\u1eeb ti\u1ebfng n\u01b0\u1edbc ngo\u00e0i.<\/p>\r\n\r\n\r\n\r\n\r\n<p>B\u00ecnh lu\u1eadn x\u00e3 h\u1ed9i, t\u00f4n gi\u00e1o, ch\u00ednh tr\u1ecb, \u0111\u1eddi s\u1ed1ng&#8230;<\/p>\r\n\r\n\r\n\r\n\r\n<p>Chia s\u1ebb ki\u1ebfn th\u1ee9c, kinh nghi\u1ec7m h\u1ecdc ti\u1ebfng Anh.<\/p>\r\n\r\n\r\n\r\n\r\n\r\n","protected":false},"excerpt":{"rendered":"","protected":false},"author":1,"featured_media":0,"parent":0,"menu_order":0,"comment_status":"closed","ping_status":"closed","template":"","meta":{"pagelayer_contact_templates":[],"_pagelayer_content":"","footnotes":""},"class_list":["post-49","page","type-page","status-publish","hentry"],"_links":{"self":[{"href":"https:\/\/buunguyenwriter.com\/blog\/wp-json\/wp\/v2\/pages\/49","targetHints":{"allow":["GET"]}}],"collection":[{"href":"https:\/\/buunguyenwriter.com\/blog\/wp-json\/wp\/v2\/pages"}],"about":[{"href":"https:\/\/buunguyenwriter.com\/blog\/wp-json\/wp\/v2\/types\/page"}],"author":[{"embeddable":true,"href":"https:\/\/buunguyenwriter.com\/blog\/wp-json\/wp\/v2\/users\/1"}],"replies":[{"embeddable":true,"href":"https:\/\/buunguyenwriter.com\/blog\/wp-json\/wp\/v2\/comments?post=49"}],"version-history":[{"count":57,"href":"https:\/\/buunguyenwriter.com\/blog\/wp-json\/wp\/v2\/pages\/49\/revisions"}],"predecessor-version":[{"id":226,"href":"https:\/\/buunguyenwriter.com\/blog\/wp-json\/wp\/v2\/pages\/49\/revisions\/226"}],"wp:attachment":[{"href":"https:\/\/buunguyenwriter.com\/blog\/wp-json\/wp\/v2\/media?parent=49"}],"curies":[{"name":"wp","href":"https:\/\/api.w.org\/{rel}","templated":true}]}}